{"id":24,"date":"2012-02-02T14:09:00","date_gmt":"2012-02-02T14:09:00","guid":{"rendered":"http:\/\/kutyaoktatas.d250.hu\/kutyaoktatas\/?page_id=24"},"modified":"2013-12-16T12:44:52","modified_gmt":"2013-12-16T12:44:52","slug":"ov","status":"publish","type":"page","link":"https:\/\/kutyaoktatas.d250.hu\/kutyaoktatas\/szolgaltatasok-3\/ov\/","title":{"rendered":"\u0150rz\u0151-v\u00e9d\u0151 munka"},"content":{"rendered":"<p style=\"text-align: justify;\"><img loading=\"lazy\" class=\"alignright size-medium wp-image-2309\" alt=\"P1330194\" src=\"http:\/\/kutyaoktatas.d250.hu\/kutyaoktatas\/wp-content\/uploads\/2012\/02\/P1330194-300x225.jpg\" width=\"300\" height=\"225\" srcset=\"https:\/\/kutyaoktatas.d250.hu\/kutyaoktatas\/wp-content\/uploads\/2012\/02\/P1330194-300x225.jpg 300w, https:\/\/kutyaoktatas.d250.hu\/kutyaoktatas\/wp-content\/uploads\/2012\/02\/P1330194-1024x768.jpg 1024w, https:\/\/kutyaoktatas.d250.hu\/kutyaoktatas\/wp-content\/uploads\/2012\/02\/P1330194.jpg 1466w\" sizes=\"(max-width: 300px) 100vw, 300px\" \/>A kutyakik\u00e9pz\u00e9sben mind a mai napig tal\u00e1n a legn\u00e9pszer\u0171bb ter\u00fclet az \u0151rz\u0151-v\u00e9d\u0151 munka. Ez nem is lehet v\u00e9letlen, hiszen minden ember szeretn\u00e9, ha a kuty\u00e1j\u00e1ban nem csak egy j\u00e1tsz\u00f3t\u00e1rsra, hanem egy h\u0171s\u00e9ges bar\u00e1tra \u00e9s egy rettenthetetlen test\u0151rre is tal\u00e1lna egy szem\u00e9lyben. \u00c9n nagy hangs\u00falyt fektetek arra, hogy minden kuty\u00e1ban felsz\u00ednre hozzam a benne rejl\u0151 h\u00e9tk\u00f6znapi h\u0151st, igazodva a gazda elgondol\u00e1saihoz \u00e9s a kutya k\u00e9pess\u00e9geihez. Mindezt t\u00e1rs\u00edtva a korrekt kezelhet\u0151s\u00e9ggel, mivel egy b\u00e1tor \u00e9s kontroll\u00e1lhat\u00f3 kutya a gazda b\u00fcszkes\u00e9ge \u00e9s t\u00e1masza is egyben. Besz\u00e9lj\u00fcnk itt ak\u00e1r egy gyermek j\u00e1tsz\u00f3t\u00e1rs\u00e1r\u00f3l, vagy az udvar \u0151rz\u0151j\u00e9r\u0151l, esetleg egy komoly teny\u00e9szkuty\u00e1r\u00f3l \u00fagy, mint a legmagasabb szinten dolgoz\u00f3 sport, illetve verseny kuty\u00e1r\u00f3l.<\/p>\n<p>A <a href=\"http:\/\/kutyaoktatas.d250.hu\/kutyaoktatas\/galeria\/\">GAL\u00c9RIA<\/a> men\u00fcpont alatt l\u00e1that\u00f3 k\u00e9pi \u00e9s vide\u00f3 illusztr\u00e1ci\u00f3k ebb\u0151l a munk\u00e1b\u00f3l ny\u00fajtanak n\u00e9mi \u00edzel\u00edt\u0151t.<\/p>\n<p>D\u00edja:<\/p>\n<table>\n<tbody>\n<tr>\n<td>\n<ul>\n<li><span\">Budapesten<\/span><\/li>\n<\/ul>\n<\/td>\n<td>1 kutya 5000 Ft. \/ alkalom<\/td>\n<\/tr>\n<tr>\n<td><\/td>\n<td>2 kutya 7000 Ft. \/ alkalom<\/td>\n<\/tr>\n<tr>\n<td>\n<ul>\n<li><span\">Budapest vonz\u00e1sk\u00f6rzet\u00e9ben<\/span><\/li>\n<\/ul>\n<\/td>\n<td>1 kutya 6-7000 Ft. \/ alkalom<\/td>\n<\/tr>\n<tr>\n<td><\/td>\n<td>2 kutya 8-9000 Ft. \/ alkalom<\/td>\n<\/tr>\n<\/tbody>\n<\/table>\n<p>&nbsp;<\/p>\n<p style=\"text-align: center;\">\n<iframe src=\"\/\/www.youtube-nocookie.com\/embed\/mLPaJ4y3yZc\" height=\"480\" width=\"640\" allowfullscreen=\"\" frameborder=\"0\"><\/iframe><\/p>\n","protected":false},"excerpt":{"rendered":"<p>A kutyakik\u00e9pz\u00e9sben mind a mai napig tal\u00e1n a legn\u00e9pszer\u0171bb ter\u00fclet az \u0151rz\u0151-v\u00e9d\u0151 munka. Ez nem is lehet v\u00e9letlen, hiszen minden ember szeretn\u00e9, ha a kuty\u00e1j\u00e1ban nem csak egy j\u00e1tsz\u00f3t\u00e1rsra, hanem egy h\u0171s\u00e9ges bar\u00e1tra \u00e9s egy rettenthetetlen test\u0151rre is tal\u00e1lna egy szem\u00e9lyben. \u00c9n nagy hangs\u00falyt fektetek arra, hogy minden kuty\u00e1ban felsz\u00ednre hozzam a benne rejl\u0151 h\u00e9tk\u00f6znapi &hellip; <\/p>\n<p><a class=\"more-link block-button\" href=\"https:\/\/kutyaoktatas.d250.hu\/kutyaoktatas\/szolgaltatasok-3\/ov\/\">Olvass tov\u00e1bb &raquo;<\/a><\/p>\n","protected":false},"author":1,"featured_media":0,"parent":1286,"menu_order":3,"comment_status":"closed","ping_status":"closed","template":"","meta":[],"_links":{"self":[{"href":"https:\/\/kutyaoktatas.d250.hu\/kutyaoktatas\/wp-json\/wp\/v2\/pages\/24"}],"collection":[{"href":"https:\/\/kutyaoktatas.d250.hu\/kutyaoktatas\/wp-json\/wp\/v2\/pages"}],"about":[{"href":"https:\/\/kutyaoktatas.d250.hu\/kutyaoktatas\/wp-json\/wp\/v2\/types\/page"}],"author":[{"embeddable":true,"href":"https:\/\/kutyaoktatas.d250.hu\/kutyaoktatas\/wp-json\/wp\/v2\/users\/1"}],"replies":[{"embeddable":true,"href":"https:\/\/kutyaoktatas.d250.hu\/kutyaoktatas\/wp-json\/wp\/v2\/comments?post=24"}],"version-history":[{"count":12,"href":"https:\/\/kutyaoktatas.d250.hu\/kutyaoktatas\/wp-json\/wp\/v2\/pages\/24\/revisions"}],"predecessor-version":[{"id":2339,"href":"https:\/\/kutyaoktatas.d250.hu\/kutyaoktatas\/wp-json\/wp\/v2\/pages\/24\/revisions\/2339"}],"up":[{"embeddable":true,"href":"https:\/\/kutyaoktatas.d250.hu\/kutyaoktatas\/wp-json\/wp\/v2\/pages\/1286"}],"wp:attachment":[{"href":"https:\/\/kutyaoktatas.d250.hu\/kutyaoktatas\/wp-json\/wp\/v2\/media?parent=24"}],"curies":[{"name":"wp","href":"https:\/\/api.w.org\/{rel}","templated":true}]}}