{"id":22,"date":"2012-02-02T14:08:40","date_gmt":"2012-02-02T14:08:40","guid":{"rendered":"http:\/\/kutyaoktatas.d250.hu\/kutyaoktatas\/?page_id=22"},"modified":"2013-12-16T12:45:26","modified_gmt":"2013-12-16T12:45:26","slug":"eng","status":"publish","type":"page","link":"https:\/\/kutyaoktatas.d250.hu\/kutyaoktatas\/szolgaltatasok-3\/eng\/","title":{"rendered":"Engedelmess\u00e9gi munka"},"content":{"rendered":"<p><img loading=\"lazy\" class=\"alignright size-medium wp-image-2120\" alt=\"P1410657\" src=\"http:\/\/kutyaoktatas.d250.hu\/kutyaoktatas\/wp-content\/uploads\/2012\/02\/P1410657-300x225.jpg\" width=\"300\" height=\"225\" srcset=\"https:\/\/kutyaoktatas.d250.hu\/kutyaoktatas\/wp-content\/uploads\/2012\/02\/P1410657-300x225.jpg 300w, https:\/\/kutyaoktatas.d250.hu\/kutyaoktatas\/wp-content\/uploads\/2012\/02\/P1410657-1024x768.jpg 1024w, https:\/\/kutyaoktatas.d250.hu\/kutyaoktatas\/wp-content\/uploads\/2012\/02\/P1410657.jpg 1911w\" sizes=\"(max-width: 300px) 100vw, 300px\" \/><strong>Az engedelmess\u00e9gi munka az, amire a mindennapokban legink\u00e1bb sz\u00fcks\u00e9g van.<\/strong><\/p>\n<p style=\"text-align: justify;\">Kuty\u00e1nk kezelhet\u0151s\u00e9ge gyakorlatilag a legnagyobb \u00e9rt\u00e9km\u00e9r\u0151je a gazd\u00e1nak. Gondolom, mindenki eml\u00e9kszik a FRAKK c\u00edm\u0171 rajzfilmb\u0151l azokra a jelenetekre, ahol a der\u00e9k vizsla m\u00f6g\u00f6tt, mint valami z\u00e1szl\u00f3 lobogott K\u00e1roly b\u00e1csi.<\/p>\n<p style=\"text-align: justify;\">Ez egy rajzfilmben mulats\u00e1gos, de ezt \u00e1t\u00e9lni k\u00f6zel sem az. Rengeteg olyan \u00e9lethelyzet van, ahol egy neveletlen kuty\u00e1nak a viselked\u00e9se zavar\u00f3 \u00e9s ak\u00e1r balesetvesz\u00e9lyes is lehet. Gondoljunk csak arra, hogy mik\u00e9nt k\u00f6zlekedn\u00e9nk emberek \u00e9s j\u00e1rm\u0171vek k\u00f6z\u00f6tt egy szertelen, rakonc\u00e1tlan ebbel. Ha nem tudja, hogy kuty\u00e1j\u00e1t mik\u00e9nt szoktassa hozz\u00e1 a forgalomhoz, s\u00e9t\u00e1khoz, t\u00f6megk\u00f6zleked\u00e9shez, stb&#8230; keressen meg b\u00e1tran, s mindent megteszek az\u00e9rt, hogy b\u00fcszke lehessen a fegyelmezetten viselked\u0151, a gazdit t\u00fcrelmesen v\u00e1r\u00f3 kuty\u00e1j\u00e1ra.<\/p>\n<p>&nbsp;<br \/>\nD\u00edja:<\/p>\n<table>\n<tbody>\n<tr>\n<td>\n<ul>\n<li><span\">Budapesten<\/span><\/li>\n<\/ul>\n<\/td>\n<td>1 kutya 5000 Ft. \/ alkalom<\/td>\n<\/tr>\n<tr>\n<td><\/td>\n<td>2 kutya 7000 Ft. \/ alkalom<\/td>\n<\/tr>\n<tr>\n<td>\n<ul>\n<li><span\">Budapest vonz\u00e1sk\u00f6rzet\u00e9ben<\/span><\/li>\n<\/ul>\n<\/td>\n<td>1 kutya 6-7000 Ft. \/ alkalom<\/td>\n<\/tr>\n<tr>\n<td><\/td>\n<td>2 kutya 8-9000 Ft. \/ alkalom<\/td>\n<\/tr>\n<\/tbody>\n<\/table>\n<p>&nbsp;<\/p>\n<p><img loading=\"lazy\" src=\"http:\/\/kutyaoktatas.d250.hu\/kutyaoktatas\/wp-content\/uploads\/2012\/02\/1.png\" alt=\"1\" width=\"760\" height=\"960\" class=\"aligncenter size-full wp-image-2328\" srcset=\"https:\/\/kutyaoktatas.d250.hu\/kutyaoktatas\/wp-content\/uploads\/2012\/02\/1.png 760w, https:\/\/kutyaoktatas.d250.hu\/kutyaoktatas\/wp-content\/uploads\/2012\/02\/1-237x300.png 237w\" sizes=\"(max-width: 760px) 100vw, 760px\" \/><\/p>\n<p>&nbsp;<\/p>\n<p style=\"text-align: justify;\"><div class=\"su-youtube su-responsive-media-yes\"><iframe width=\"600\" height=\"400\" src=\"http:\/\/www.youtube.com\/embed\/4a1F8UDM4Fg\" frameborder=\"0\" allowfullscreen=\"true\"><\/iframe><\/div>\n","protected":false},"excerpt":{"rendered":"<p>Az engedelmess\u00e9gi munka az, amire a mindennapokban legink\u00e1bb sz\u00fcks\u00e9g van. Kuty\u00e1nk kezelhet\u0151s\u00e9ge gyakorlatilag a legnagyobb \u00e9rt\u00e9km\u00e9r\u0151je a gazd\u00e1nak. Gondolom, mindenki eml\u00e9kszik a FRAKK c\u00edm\u0171 rajzfilmb\u0151l azokra a jelenetekre, ahol a der\u00e9k vizsla m\u00f6g\u00f6tt, mint valami z\u00e1szl\u00f3 lobogott K\u00e1roly b\u00e1csi. Ez egy rajzfilmben mulats\u00e1gos, de ezt \u00e1t\u00e9lni k\u00f6zel sem az. Rengeteg olyan \u00e9lethelyzet van, ahol egy &hellip; <\/p>\n<p><a class=\"more-link block-button\" href=\"https:\/\/kutyaoktatas.d250.hu\/kutyaoktatas\/szolgaltatasok-3\/eng\/\">Olvass tov\u00e1bb &raquo;<\/a><\/p>\n","protected":false},"author":1,"featured_media":2270,"parent":1286,"menu_order":2,"comment_status":"closed","ping_status":"closed","template":"","meta":[],"_links":{"self":[{"href":"https:\/\/kutyaoktatas.d250.hu\/kutyaoktatas\/wp-json\/wp\/v2\/pages\/22"}],"collection":[{"href":"https:\/\/kutyaoktatas.d250.hu\/kutyaoktatas\/wp-json\/wp\/v2\/pages"}],"about":[{"href":"https:\/\/kutyaoktatas.d250.hu\/kutyaoktatas\/wp-json\/wp\/v2\/types\/page"}],"author":[{"embeddable":true,"href":"https:\/\/kutyaoktatas.d250.hu\/kutyaoktatas\/wp-json\/wp\/v2\/users\/1"}],"replies":[{"embeddable":true,"href":"https:\/\/kutyaoktatas.d250.hu\/kutyaoktatas\/wp-json\/wp\/v2\/comments?post=22"}],"version-history":[{"count":18,"href":"https:\/\/kutyaoktatas.d250.hu\/kutyaoktatas\/wp-json\/wp\/v2\/pages\/22\/revisions"}],"predecessor-version":[{"id":2340,"href":"https:\/\/kutyaoktatas.d250.hu\/kutyaoktatas\/wp-json\/wp\/v2\/pages\/22\/revisions\/2340"}],"up":[{"embeddable":true,"href":"https:\/\/kutyaoktatas.d250.hu\/kutyaoktatas\/wp-json\/wp\/v2\/pages\/1286"}],"wp:featuredmedia":[{"embeddable":true,"href":"https:\/\/kutyaoktatas.d250.hu\/kutyaoktatas\/wp-json\/wp\/v2\/media\/2270"}],"wp:attachment":[{"href":"https:\/\/kutyaoktatas.d250.hu\/kutyaoktatas\/wp-json\/wp\/v2\/media?parent=22"}],"curies":[{"name":"wp","href":"https:\/\/api.w.org\/{rel}","templated":true}]}}