{"id":2102,"date":"2013-12-15T12:07:20","date_gmt":"2013-12-15T12:07:20","guid":{"rendered":"http:\/\/kutyaoktatas.d250.hu\/kutyaoktatas\/?page_id=2102"},"modified":"2013-12-16T12:35:18","modified_gmt":"2013-12-16T12:35:18","slug":"kutyaszallitas","status":"publish","type":"page","link":"https:\/\/kutyaoktatas.d250.hu\/kutyaoktatas\/szolgaltatasok-3\/kutyaszallitas\/","title":{"rendered":"Kutyasz\u00e1ll\u00edt\u00e1s"},"content":{"rendered":"<p>Minden olyan helyzetben, ahol a kuty\u00e1t sz\u00e1ll\u00edtani kell, de \u00d6nnek nincs ideje, vagy lehet\u0151s\u00e9ge, hogy ezt megtegye, ebben is sz\u00edvesen ny\u00fajtok szakszer\u0171 seg\u00edts\u00e9get. A kutya biztons\u00e1gos sz\u00e1ll\u00edt\u00e1sa erre speci\u00e1lisan kialak\u00edtott j\u00e1rm\u0171ben t\u00f6rt\u00e9nik.<\/p>\n<p>A sz\u00e1ll\u00edt\u00e1s d\u00edja: <strong>120 Ft. \/ Km.<\/strong><\/p>\n","protected":false},"excerpt":{"rendered":"<p>Minden olyan helyzetben, ahol a kuty\u00e1t sz\u00e1ll\u00edtani kell, de \u00d6nnek nincs ideje, vagy lehet\u0151s\u00e9ge, hogy ezt megtegye, ebben is sz\u00edvesen ny\u00fajtok szakszer\u0171 seg\u00edts\u00e9get. A kutya biztons\u00e1gos sz\u00e1ll\u00edt\u00e1sa erre speci\u00e1lisan kialak\u00edtott j\u00e1rm\u0171ben t\u00f6rt\u00e9nik. A sz\u00e1ll\u00edt\u00e1s d\u00edja: 120 Ft. \/ Km.<\/p>\n","protected":false},"author":1,"featured_media":0,"parent":1286,"menu_order":7,"comment_status":"open","ping_status":"open","template":"","meta":[],"_links":{"self":[{"href":"https:\/\/kutyaoktatas.d250.hu\/kutyaoktatas\/wp-json\/wp\/v2\/pages\/2102"}],"collection":[{"href":"https:\/\/kutyaoktatas.d250.hu\/kutyaoktatas\/wp-json\/wp\/v2\/pages"}],"about":[{"href":"https:\/\/kutyaoktatas.d250.hu\/kutyaoktatas\/wp-json\/wp\/v2\/types\/page"}],"author":[{"embeddable":true,"href":"https:\/\/kutyaoktatas.d250.hu\/kutyaoktatas\/wp-json\/wp\/v2\/users\/1"}],"replies":[{"embeddable":true,"href":"https:\/\/kutyaoktatas.d250.hu\/kutyaoktatas\/wp-json\/wp\/v2\/comments?post=2102"}],"version-history":[{"count":3,"href":"https:\/\/kutyaoktatas.d250.hu\/kutyaoktatas\/wp-json\/wp\/v2\/pages\/2102\/revisions"}],"predecessor-version":[{"id":2332,"href":"https:\/\/kutyaoktatas.d250.hu\/kutyaoktatas\/wp-json\/wp\/v2\/pages\/2102\/revisions\/2332"}],"up":[{"embeddable":true,"href":"https:\/\/kutyaoktatas.d250.hu\/kutyaoktatas\/wp-json\/wp\/v2\/pages\/1286"}],"wp:attachment":[{"href":"https:\/\/kutyaoktatas.d250.hu\/kutyaoktatas\/wp-json\/wp\/v2\/media?parent=2102"}],"curies":[{"name":"wp","href":"https:\/\/api.w.org\/{rel}","templated":true}]}}