{"id":2098,"date":"2013-12-15T12:06:18","date_gmt":"2013-12-15T12:06:18","guid":{"rendered":"http:\/\/kutyaoktatas.d250.hu\/kutyaoktatas\/?page_id=2098"},"modified":"2013-12-16T12:44:13","modified_gmt":"2013-12-16T12:44:13","slug":"bentlakasos-kepzes","status":"publish","type":"page","link":"https:\/\/kutyaoktatas.d250.hu\/kutyaoktatas\/szolgaltatasok-3\/bentlakasos-kepzes\/","title":{"rendered":"Bentlak\u00e1sos k\u00e9pz\u00e9s"},"content":{"rendered":"<p>Ez az oktat\u00e1s egy olyan form\u00e1ja, ahol a kutya 4-6 h\u00e9tre hozz\u00e1m k\u00f6lt\u00f6zik \u00e9s egy intenz\u00edv kik\u00e9pz\u00e9s keret\u00e9ben saj\u00e1t\u00edtja el a sz\u00fcks\u00e9ges tanulm\u00e1nyokat. Mindenkor a gazdi ig\u00e9nyeinek megfelel\u0151en, a kutya k\u00e9pess\u00e9geit figyelembe v\u00e9ve \u00e9s azt a lehet\u0151 legjobban kiakn\u00e1zva. A k\u00e9pz\u00e9s v\u00e9gezt\u00e9vel a gazdi tan\u00edt\u00e1s\u00e1t az imm\u00e1ron k\u00e9pzett kuty\u00e1j\u00e1val h\u00e1zhoz j\u00e1r\u00f3 k\u00e9pz\u00e9s keret\u00e9ben oldom meg.<\/p>\n<p>El\u0151nyei:<\/p>\n<p>A gazd\u00e1nak m\u00e1r egy kik\u00e9pzett, j\u00f3l ir\u00e1ny\u00edthat\u00f3 kuty\u00e1val kell egy\u00fctt dolgoznia. Ez a gazdinak a legk\u00e9nyelmesebb megold\u00e1s.<\/p>\n<p>D\u00edja:<\/p>\n<table>\n<tbody>\n<tr>\n<td>\n<ul>\n<li><span\">Budapesten<\/span><\/li>\n<\/ul>\n<\/td>\n<td>1 kutya 5000 Ft. \/ alkalom<\/td>\n<\/tr>\n<tr>\n<td><\/td>\n<td>2 kutya 7000 Ft. \/ alkalom<\/td>\n<\/tr>\n<tr>\n<td>\n<ul>\n<li><span\">Budapest vonz\u00e1sk\u00f6rzet\u00e9ben<\/span><\/li>\n<\/ul>\n<\/td>\n<td>1 kutya 6-7000 Ft. \/ alkalom<\/td>\n<\/tr>\n<tr>\n<td><\/td>\n<td>2 kutya 8-9000 Ft. \/ alkalom<\/td>\n<\/tr>\n<\/tbody>\n<\/table>\n","protected":false},"excerpt":{"rendered":"<p>Ez az oktat\u00e1s egy olyan form\u00e1ja, ahol a kutya 4-6 h\u00e9tre hozz\u00e1m k\u00f6lt\u00f6zik \u00e9s egy intenz\u00edv kik\u00e9pz\u00e9s keret\u00e9ben saj\u00e1t\u00edtja el a sz\u00fcks\u00e9ges tanulm\u00e1nyokat. Mindenkor a gazdi ig\u00e9nyeinek megfelel\u0151en, a kutya k\u00e9pess\u00e9geit figyelembe v\u00e9ve \u00e9s azt a lehet\u0151 legjobban kiakn\u00e1zva. A k\u00e9pz\u00e9s v\u00e9gezt\u00e9vel a gazdi tan\u00edt\u00e1s\u00e1t az imm\u00e1ron k\u00e9pzett kuty\u00e1j\u00e1val h\u00e1zhoz j\u00e1r\u00f3 k\u00e9pz\u00e9s keret\u00e9ben oldom meg. &hellip; <\/p>\n<p><a class=\"more-link block-button\" href=\"https:\/\/kutyaoktatas.d250.hu\/kutyaoktatas\/szolgaltatasok-3\/bentlakasos-kepzes\/\">Olvass tov\u00e1bb &raquo;<\/a><\/p>\n","protected":false},"author":1,"featured_media":0,"parent":1286,"menu_order":5,"comment_status":"open","ping_status":"open","template":"","meta":[],"_links":{"self":[{"href":"https:\/\/kutyaoktatas.d250.hu\/kutyaoktatas\/wp-json\/wp\/v2\/pages\/2098"}],"collection":[{"href":"https:\/\/kutyaoktatas.d250.hu\/kutyaoktatas\/wp-json\/wp\/v2\/pages"}],"about":[{"href":"https:\/\/kutyaoktatas.d250.hu\/kutyaoktatas\/wp-json\/wp\/v2\/types\/page"}],"author":[{"embeddable":true,"href":"https:\/\/kutyaoktatas.d250.hu\/kutyaoktatas\/wp-json\/wp\/v2\/users\/1"}],"replies":[{"embeddable":true,"href":"https:\/\/kutyaoktatas.d250.hu\/kutyaoktatas\/wp-json\/wp\/v2\/comments?post=2098"}],"version-history":[{"count":4,"href":"https:\/\/kutyaoktatas.d250.hu\/kutyaoktatas\/wp-json\/wp\/v2\/pages\/2098\/revisions"}],"predecessor-version":[{"id":2338,"href":"https:\/\/kutyaoktatas.d250.hu\/kutyaoktatas\/wp-json\/wp\/v2\/pages\/2098\/revisions\/2338"}],"up":[{"embeddable":true,"href":"https:\/\/kutyaoktatas.d250.hu\/kutyaoktatas\/wp-json\/wp\/v2\/pages\/1286"}],"wp:attachment":[{"href":"https:\/\/kutyaoktatas.d250.hu\/kutyaoktatas\/wp-json\/wp\/v2\/media?parent=2098"}],"curies":[{"name":"wp","href":"https:\/\/api.w.org\/{rel}","templated":true}]}}