{"id":2096,"date":"2013-12-15T12:05:17","date_gmt":"2013-12-15T12:05:17","guid":{"rendered":"http:\/\/kutyaoktatas.d250.hu\/kutyaoktatas\/?page_id=2096"},"modified":"2013-12-16T12:42:55","modified_gmt":"2013-12-16T12:42:55","slug":"felkeszites-kiallitasra","status":"publish","type":"page","link":"https:\/\/kutyaoktatas.d250.hu\/kutyaoktatas\/szolgaltatasok-3\/felkeszites-kiallitasra\/","title":{"rendered":"Felk\u00e9sz\u00edt\u00e9s ki\u00e1ll\u00edt\u00e1sra"},"content":{"rendered":"<p>Ha azt szeretn\u00e9nk, hogy kedvenc\u00fcnk j\u00f3l szerepeljen a ki\u00e1ll\u00edt\u00e1sokon, s ezzel kiv\u00edvhassa mag\u00e1nak az \u0151t megillet\u0151 helyet, ahhoz fel kell k\u00e9sz\u00edts\u00fck ere a speci\u00e1lis megm\u00e9rettet\u00e9sre. \u00c9n seg\u00edtek abban, hogy a kutyus elsaj\u00e1t\u00edtsa a ringben elv\u00e1rt viselked\u00e9sform\u00e1t. \u00cdgy k\u00e9pes legyen megmutatni mindazt az \u00e9rt\u00e9ket, ami benne rejlik.<\/p>\n<p>D\u00edja:<\/p>\n<table>\n<tbody>\n<tr>\n<td>\n<ul>\n<li><span\">Budapesten<\/span><\/li>\n<\/ul>\n<\/td>\n<td>1 kutya 5000 Ft. \/ alkalom<\/td>\n<\/tr>\n<tr>\n<td><\/td>\n<td>2 kutya 7000 Ft. \/ alkalom<\/td>\n<\/tr>\n<tr>\n<td>\n<ul>\n<li><span\">Budapest vonz\u00e1sk\u00f6rzet\u00e9ben<\/span><\/li>\n<\/ul>\n<\/td>\n<td>1 kutya 6-7000 Ft. \/ alkalom<\/td>\n<\/tr>\n<tr>\n<td><\/td>\n<td>2 kutya 8-9000 Ft. \/ alkalom<\/td>\n<\/tr>\n<\/tbody>\n<\/table>\n<p>&nbsp;<\/p>\n<p>&nbsp;<\/p>\n<p style=\"text-align: center;\"><img loading=\"lazy\" class=\"aligncenter  wp-image-2321\" alt=\"947188_553228651394587_2124105607_n\" src=\"http:\/\/kutyaoktatas.d250.hu\/kutyaoktatas\/wp-content\/uploads\/2013\/12\/947188_553228651394587_2124105607_n.jpg\" width=\"768\" height=\"730\" srcset=\"https:\/\/kutyaoktatas.d250.hu\/kutyaoktatas\/wp-content\/uploads\/2013\/12\/947188_553228651394587_2124105607_n.jpg 960w, https:\/\/kutyaoktatas.d250.hu\/kutyaoktatas\/wp-content\/uploads\/2013\/12\/947188_553228651394587_2124105607_n-300x285.jpg 300w\" sizes=\"(max-width: 768px) 100vw, 768px\" \/><\/p>\n","protected":false},"excerpt":{"rendered":"<p>Ha azt szeretn\u00e9nk, hogy kedvenc\u00fcnk j\u00f3l szerepeljen a ki\u00e1ll\u00edt\u00e1sokon, s ezzel kiv\u00edvhassa mag\u00e1nak az \u0151t megillet\u0151 helyet, ahhoz fel kell k\u00e9sz\u00edts\u00fck ere a speci\u00e1lis megm\u00e9rettet\u00e9sre. \u00c9n seg\u00edtek abban, hogy a kutyus elsaj\u00e1t\u00edtsa a ringben elv\u00e1rt viselked\u00e9sform\u00e1t. \u00cdgy k\u00e9pes legyen megmutatni mindazt az \u00e9rt\u00e9ket, ami benne rejlik. D\u00edja: Budapest vonz\u00e1sk\u00f6rzet\u00e9ben 1 kutya 6-7000 Ft. \/ alkalom &hellip; <\/p>\n<p><a class=\"more-link block-button\" href=\"https:\/\/kutyaoktatas.d250.hu\/kutyaoktatas\/szolgaltatasok-3\/felkeszites-kiallitasra\/\">Olvass tov\u00e1bb &raquo;<\/a><\/p>\n","protected":false},"author":1,"featured_media":0,"parent":1286,"menu_order":4,"comment_status":"closed","ping_status":"closed","template":"","meta":[],"_links":{"self":[{"href":"https:\/\/kutyaoktatas.d250.hu\/kutyaoktatas\/wp-json\/wp\/v2\/pages\/2096"}],"collection":[{"href":"https:\/\/kutyaoktatas.d250.hu\/kutyaoktatas\/wp-json\/wp\/v2\/pages"}],"about":[{"href":"https:\/\/kutyaoktatas.d250.hu\/kutyaoktatas\/wp-json\/wp\/v2\/types\/page"}],"author":[{"embeddable":true,"href":"https:\/\/kutyaoktatas.d250.hu\/kutyaoktatas\/wp-json\/wp\/v2\/users\/1"}],"replies":[{"embeddable":true,"href":"https:\/\/kutyaoktatas.d250.hu\/kutyaoktatas\/wp-json\/wp\/v2\/comments?post=2096"}],"version-history":[{"count":7,"href":"https:\/\/kutyaoktatas.d250.hu\/kutyaoktatas\/wp-json\/wp\/v2\/pages\/2096\/revisions"}],"predecessor-version":[{"id":2337,"href":"https:\/\/kutyaoktatas.d250.hu\/kutyaoktatas\/wp-json\/wp\/v2\/pages\/2096\/revisions\/2337"}],"up":[{"embeddable":true,"href":"https:\/\/kutyaoktatas.d250.hu\/kutyaoktatas\/wp-json\/wp\/v2\/pages\/1286"}],"wp:attachment":[{"href":"https:\/\/kutyaoktatas.d250.hu\/kutyaoktatas\/wp-json\/wp\/v2\/media?parent=2096"}],"curies":[{"name":"wp","href":"https:\/\/api.w.org\/{rel}","templated":true}]}}