{"id":1108,"date":"2012-02-03T17:57:23","date_gmt":"2012-02-03T17:57:23","guid":{"rendered":"http:\/\/kutyaoktatas.d250.hu\/kutyaoktatas\/?page_id=1108"},"modified":"2013-12-16T11:26:16","modified_gmt":"2013-12-16T11:26:16","slug":"kezdooldal","status":"publish","type":"page","link":"https:\/\/kutyaoktatas.d250.hu\/kutyaoktatas\/","title":{"rendered":"Bemutatkoz\u00e1s"},"content":{"rendered":"<p style=\"text-align: justify;\"><img loading=\"lazy\" class=\"alignright size-medium wp-image-2318\" alt=\"1393429_638916439492474_1617570044_n\" src=\"http:\/\/kutyaoktatas.d250.hu\/kutyaoktatas\/wp-content\/uploads\/2012\/02\/1393429_638916439492474_1617570044_n-264x300.jpg\" width=\"264\" height=\"300\" srcset=\"https:\/\/kutyaoktatas.d250.hu\/kutyaoktatas\/wp-content\/uploads\/2012\/02\/1393429_638916439492474_1617570044_n-264x300.jpg 264w, https:\/\/kutyaoktatas.d250.hu\/kutyaoktatas\/wp-content\/uploads\/2012\/02\/1393429_638916439492474_1617570044_n.jpg 846w\" sizes=\"(max-width: 264px) 100vw, 264px\" \/>E honlap l\u00e9trej\u00f6tt\u00e9nek c\u00e9lja, hogy t\u00e1j\u00e9koztassa a kedves \u00e9rdekl\u0151d\u0151t arr\u00f3l, hogy mik\u00e9nt tudok seg\u00edteni azoknak, akik megtisztelnek a bizalmukkal.<\/p>\n<p style=\"text-align: justify;\">K\u00f6zel 25 \u00e9ves kutyakik\u00e9pz\u0151i tapasztalattal a h\u00e1tam m\u00f6g\u00f6tt b\u00edzv\u00e1st \u00e1ll\u00edthatom, hogy minden kuty\u00e1nak sz\u00fcks\u00e9ge van tan\u00edt\u00e1sra ahhoz, hogy a csal\u00e1dban gond n\u00e9lk\u00fcl megtal\u00e1lja a hely\u00e9t, s egy kellemes, odaad\u00f3, j\u00f3l nevelt t\u00e1rs v\u00e1ljon bel\u0151le, \u00e9s ha kell, akkor rettenthetetlen \u0151rz\u0151je legyen az otthon\u00e1nak.<\/p>\n<p style=\"text-align: justify;\">&#8220;A kuty\u00e1val csak baj van!&#8221; &#8211; mondj\u00e1k sokan&#8230; de \u00e9n ezt nem \u00edgy k\u00f6zel\u00edtem meg, hiszen szerintem az ember legjobb bar\u00e1tja nem lehet PROBL\u00c9MA. \u00c9n csak megold\u00e1sra v\u00e1r\u00f3 feladatot l\u00e1tok minden olyan helyzetben, ahol a hazda tud\u00e1sa, t\u00fcrelme a v\u00e9g\u00e9hez \u00e9rt. V\u00e1llalom, hogy az \u00d6n kuty\u00e1j\u00e1nak legmegfelel\u0151bb m\u00f3dszer megv\u00e1laszt\u00e1s\u00e1val, odaad\u00e1ssal, t\u00fcrelemmel \u00e9s szeretettel megtan\u00edtom mindazt, amire sz\u00fcks\u00e9ge \u00e9s ig\u00e9nye lehet. K\u00fcl\u00f6n\u00f6s figyelmet szentelve arra, hogy \u00fagy a mindennapi \u00e9lethelyzetekben, mint a speci\u00e1lis k\u00f6r\u00fclm\u00e9nyek k\u00f6z\u00f6tt a kutya a t\u0151le elv\u00e1rhat\u00f3 m\u00f3don viselkedjen \u00e9s ez \u00e1ltal z\u00f6kken\u0151mentesebb\u00e9 \u00e9s siker\u00e9lm\u00e9nyekben gazdagabb\u00e1 v\u00e1ljon a gazda \u00e9s kuty\u00e1ja k\u00f6z\u00f6tti kapcsolat.<\/p>\n<p style=\"text-align: justify;\">A tov\u00e1bbi oldalakat v\u00e9gigszeml\u00e9lve kaphat betekint\u00e9st arr\u00f3l, mely ter\u00fcleteken \u00e9s helyzetekben fontos kuty\u00e1nkat nevelni, illetve tan\u00edtani ahhoz, hogy kellemes t\u00e1rs v\u00e1ljon bel\u0151le.<\/p>\n","protected":false},"excerpt":{"rendered":"<p>E honlap l\u00e9trej\u00f6tt\u00e9nek c\u00e9lja, hogy t\u00e1j\u00e9koztassa a kedves \u00e9rdekl\u0151d\u0151t arr\u00f3l, hogy mik\u00e9nt tudok seg\u00edteni azoknak, akik megtisztelnek a bizalmukkal. K\u00f6zel 25 \u00e9ves kutyakik\u00e9pz\u0151i tapasztalattal a h\u00e1tam m\u00f6g\u00f6tt b\u00edzv\u00e1st \u00e1ll\u00edthatom, hogy minden kuty\u00e1nak sz\u00fcks\u00e9ge van tan\u00edt\u00e1sra ahhoz, hogy a csal\u00e1dban gond n\u00e9lk\u00fcl megtal\u00e1lja a hely\u00e9t, s egy kellemes, odaad\u00f3, j\u00f3l nevelt t\u00e1rs v\u00e1ljon bel\u0151le, \u00e9s ha &hellip; <\/p>\n<p><a class=\"more-link block-button\" href=\"https:\/\/kutyaoktatas.d250.hu\/kutyaoktatas\/\">Olvass tov\u00e1bb &raquo;<\/a><\/p>\n","protected":false},"author":1,"featured_media":0,"parent":0,"menu_order":1,"comment_status":"closed","ping_status":"closed","template":"","meta":[],"_links":{"self":[{"href":"https:\/\/kutyaoktatas.d250.hu\/kutyaoktatas\/wp-json\/wp\/v2\/pages\/1108"}],"collection":[{"href":"https:\/\/kutyaoktatas.d250.hu\/kutyaoktatas\/wp-json\/wp\/v2\/pages"}],"about":[{"href":"https:\/\/kutyaoktatas.d250.hu\/kutyaoktatas\/wp-json\/wp\/v2\/types\/page"}],"author":[{"embeddable":true,"href":"https:\/\/kutyaoktatas.d250.hu\/kutyaoktatas\/wp-json\/wp\/v2\/users\/1"}],"replies":[{"embeddable":true,"href":"https:\/\/kutyaoktatas.d250.hu\/kutyaoktatas\/wp-json\/wp\/v2\/comments?post=1108"}],"version-history":[{"count":19,"href":"https:\/\/kutyaoktatas.d250.hu\/kutyaoktatas\/wp-json\/wp\/v2\/pages\/1108\/revisions"}],"predecessor-version":[{"id":2319,"href":"https:\/\/kutyaoktatas.d250.hu\/kutyaoktatas\/wp-json\/wp\/v2\/pages\/1108\/revisions\/2319"}],"wp:attachment":[{"href":"https:\/\/kutyaoktatas.d250.hu\/kutyaoktatas\/wp-json\/wp\/v2\/media?parent=1108"}],"curies":[{"name":"wp","href":"https:\/\/api.w.org\/{rel}","templated":true}]}}